{"id":12743,"date":"2018-06-15T08:16:00","date_gmt":"2018-06-15T08:16:00","guid":{"rendered":"http:\/\/www.ebikechallenge.cat\/index.php\/expositors-les-comes\/"},"modified":"2018-06-21T11:47:05","modified_gmt":"2018-06-21T11:47:05","slug":"expositors-les-comes","status":"publish","type":"page","link":"https:\/\/www.ebikechallenge.cat\/index.php\/expositors-les-comes\/?lang=es","title":{"rendered":"Expositores Les Comes"},"content":{"rendered":"<p><div class=\"fusion-bg-parallax\" data-bg-align=\"left top\" data-direction=\"up\" data-mute=\"false\" data-opacity=\"100\" data-velocity=\"-0.3\" data-mobile-enabled=\"false\" data-break_parents=\"0\" data-bg-image=\"https:\/\/www.ebikechallenge.cat\/wp-content\/uploads\/2018\/06\/expositors_2.jpg\" data-bg-repeat=\"true\" data-bg-color=\"#313437\" ><\/div><div class=\"fusion-fullwidth fullwidth-box fusion-builder-row-1 fusion-parallax-up nonhundred-percent-fullwidth non-hundred-percent-height-scrolling\" style=\"--awb-background-position:left top;--awb-background-repeat:repeat-x;--awb-border-color:#e5e5e5;--awb-border-radius-top-left:0px;--awb-border-radius-top-right:0px;--awb-border-radius-bottom-right:0px;--awb-border-radius-bottom-left:0px;--awb-padding-top:0px;--awb-padding-bottom:0px;--awb-background-color:#313437;--awb-background-image:url(&quot;https:\/\/www.ebikechallenge.cat\/wp-content\/uploads\/2018\/06\/expositors_2.jpg&quot;);--awb-border-sizes-top:0px;--awb-border-sizes-bottom:0px;\" ><div class=\"fusion-builder-row fusion-row\"><div class=\"fusion-layout-column fusion_builder_column fusion-builder-column-0 fusion_builder_column_1_1 1_1 fusion-one-full fusion-column-first fusion-column-last fusion-column-no-min-height\" style=\"--awb-bg-size:cover;--awb-margin-bottom:0px;\"><div class=\"fusion-column-wrapper fusion-flex-column-wrapper-legacy\"><div class=\"fusion-text fusion-text-1\"><h1 style=\"text-align: center; font-size: 90px; line-height: 100px; margin-bottom: 10px;\"><span style=\"color: #ffffff;\">INFORMACI\u00d3N EXPOSITORES<\/span><\/h1>\n<\/div><div class=\"fusion-sep-clear\"><\/div><div class=\"fusion-separator\" style=\"margin-left: auto;margin-right: auto;margin-top:2px;margin-bottom:2px;width:100%;max-width:300px;\"><\/div><div class=\"fusion-sep-clear\"><\/div><div class=\"fusion-sep-clear\"><\/div><div class=\"fusion-separator\" style=\"margin-left: auto;margin-right: auto;margin-top:25px;margin-bottom:30px;width:100%;max-width:300px;\"><\/div><div class=\"fusion-sep-clear\"><\/div><div class=\"fusion-clearfix\"><\/div><\/div><\/div><\/div><\/div><div class=\"fusion-fullwidth fullwidth-box fusion-builder-row-2 hundred-percent-fullwidth non-hundred-percent-height-scrolling\" style=\"--awb-border-radius-top-left:0px;--awb-border-radius-top-right:0px;--awb-border-radius-bottom-right:0px;--awb-border-radius-bottom-left:0px;--awb-overflow:visible;\" ><div class=\"fusion-builder-row fusion-row\"><div class=\"fusion-layout-column fusion_builder_column fusion-builder-column-1 fusion_builder_column_1_1 1_1 fusion-one-full fusion-column-first fusion-column-last fusion-column-no-min-height\" style=\"--awb-bg-size:cover;--awb-margin-bottom:0px;\"><div class=\"fusion-column-wrapper fusion-flex-column-wrapper-legacy\"><div class=\"fusion-sep-clear\"><\/div><div class=\"fusion-separator fusion-full-width-sep\" style=\"margin-left: auto;margin-right: auto;margin-top:25px;width:100%;\"><\/div><div class=\"fusion-sep-clear\"><\/div><div class=\"fusion-clearfix\"><\/div><\/div><\/div><div class=\"fusion-layout-column fusion_builder_column fusion-builder-column-2 fusion_builder_column_1_1 1_1 fusion-one-full fusion-column-first fusion-column-last\" style=\"--awb-bg-size:cover;\"><div class=\"fusion-column-wrapper fusion-flex-column-wrapper-legacy\"><div class=\"fusion-title title fusion-title-1 fusion-title-text fusion-title-size-two\"><h2 class=\"title-heading-left fusion-responsive-typography-calculated\" style=\"margin:0;--fontSize:18;--minFontSize:18;line-height:1.5;\"><h1 style=\"text-align: center;\">5 RAZONES PARA EXPONER<\/h1><\/h2><span class=\"awb-title-spacer\"><\/span><div class=\"title-sep-container\"><div class=\"title-sep sep-double sep-solid\" style=\"border-color:#e0dede;\"><\/div><\/div><\/div><ul style=\"--awb-size:13px;--awb-line-height:22.1px;--awb-icon-width:22.1px;--awb-icon-height:22.1px;--awb-icon-margin:9.1px;--awb-content-margin:31.2px;--awb-circlecolor:#a0ce4e;--awb-circle-yes-font-size:11.44px;\" class=\"fusion-checklist fusion-checklist-1 fusion-checklist-default type-icons\"><li class=\"fusion-li-item\" style=\"\"><span class=\"icon-wrapper circle-yes\"><i class=\"fusion-li-icon fa-check fas\" aria-hidden=\"true\"><\/i><\/span><div class=\"fusion-li-item-content\">\n<h1 data-fontsize=\"34\" data-lineheight=\"40\">Un evento especializado en E-Bike BTT<\/h1>\n<h3 data-fontsize=\"16\" data-lineheight=\"24\">E-BIKE CHALLENGE es un evento perfecto para exponer y dar a conocer a todos los asistentes las \u00faltimas novedades en bicicletas el\u00e9ctricas de monta\u00f1a. Una feria especializada que congregar\u00e1 las mejores marcas del sector.<\/h3>\n<\/div><\/li><li class=\"fusion-li-item\" style=\"\"><span class=\"icon-wrapper circle-yes\"><i class=\"fusion-li-icon fa-check fas\" aria-hidden=\"true\"><\/i><\/span><div class=\"fusion-li-item-content\">\n<h1 data-fontsize=\"34\" data-lineheight=\"40\">Festival de E-BIKE BTT<\/h1>\n<h3 data-fontsize=\"16\" data-lineheight=\"24\">El evento combina una carrera para bicicletas el\u00e9ctricas BTT con todo tipo de actividades familiares. Una jornada donde grandes y peque\u00f1os podr\u00e1n vivir el mundo de la E-Bike de la forma m\u00e1s intensa y divertida.<\/h3>\n<h3 data-fontsize=\"16\" data-lineheight=\"24\"><\/h3>\n<\/div><\/li><li class=\"fusion-li-item\" style=\"\"><span class=\"icon-wrapper circle-yes\"><i class=\"fusion-li-icon fa-check fas\" aria-hidden=\"true\"><\/i><\/span><div class=\"fusion-li-item-content\">\n<h1 data-fontsize=\"34\" data-lineheight=\"40\">Abierto para todas las marcas<\/h1>\n<h3 data-fontsize=\"16\" data-lineheight=\"24\">Ya seas una gran marca de bicicletas o una peque\u00f1a tienda, si tu producto encaja en la filosof\u00eda del evento ser\u00e1s bienvenido! Bicicletas, recambios, ropa t\u00e9cnica, complementos&#8230; no puedes faltar.<\/h3>\n<\/div><\/li><li class=\"fusion-li-item\" style=\"\"><span class=\"icon-wrapper circle-yes\"><i class=\"fusion-li-icon fa-check fas\" aria-hidden=\"true\"><\/i><\/span><div class=\"fusion-li-item-content\">\n<h1 data-fontsize=\"34\" data-lineheight=\"40\">Zona DEMO<\/h1>\n<h3 data-fontsize=\"16\" data-lineheight=\"24\">La organizaci\u00f3n habilitar\u00e1 un circuito donde el p\u00fablico puede probar los \u00faltimos modelos y novedades en bicicleta &#8220;pedelec&#8221;.<\/h3>\n<\/div><\/li><li class=\"fusion-li-item\" style=\"\"><span class=\"icon-wrapper circle-yes\"><i class=\"fusion-li-icon fa-check fas\" aria-hidden=\"true\"><\/i><\/span><div class=\"fusion-li-item-content\">\n<h1 data-fontsize=\"34\" data-lineheight=\"40\">El valor de E-BIKE<\/h1>\n<h3 data-fontsize=\"16\" data-lineheight=\"24\">Las bicicletas el\u00e9ctricas han llegado para quedarse y por este motivo se merecen un evento propio. Un sitio d\u00f3nde todas las marcas, tiendas y empresas del sector puedan dar a conocer las virtudes de sus productos al gran p\u00fablico y tambi\u00e9n, dar la oportunidad a los actuales usuarios de BTT el\u00e9ctricas de hacer una carrera especialmente preparada para ellos. Una jornada divertida y \u00fanica en un entorno privilegiado.<\/h3>\n<\/div><\/li><\/ul><div class=\"fusion-clearfix\"><\/div><\/div><\/div><div class=\"fusion-layout-column fusion_builder_column fusion-builder-column-3 fusion_builder_column_1_1 1_1 fusion-one-full fusion-column-first fusion-column-last fusion-column-no-min-height\" style=\"--awb-bg-size:cover;--awb-margin-bottom:0px;\"><div class=\"fusion-column-wrapper fusion-flex-column-wrapper-legacy\"><div class=\"fusion-sep-clear\"><\/div><div class=\"fusion-separator fusion-full-width-sep\" style=\"margin-left: auto;margin-right: auto;margin-top:25px;width:100%;\"><\/div><div class=\"fusion-sep-clear\"><\/div><div class=\"fusion-section-separator section-separator triangle fusion-section-separator-1\" style=\"--awb-border-bottom:5px solid #8bc34a;--awb-spacer-height:5px;--awb-svg-margin-left:0;--awb-svg-margin-right:0;--awb-icon-color:#ffffff;--awb-icon-top:auto;--awb-icon-bottom:-15px;\"><div class=\"fusion-section-separator-svg\"><div class=\"divider-candy-arrow bottom\" style=\"top:5px;border-top-color: #8bc34a;\"><\/div><div class=\"divider-candy bottom\" style=\"bottom:-25px;border-bottom:1px solid #8bc34a;border-left:1px solid #8bc34a;\"><\/div><\/div><div class=\"fusion-section-separator-spacer\"><div class=\"fusion-section-separator-spacer-height\"><\/div><\/div><\/div><div class=\"fusion-sep-clear\"><\/div><div class=\"fusion-separator fusion-full-width-sep\" style=\"margin-left: auto;margin-right: auto;margin-top:25px;width:100%;\"><\/div><div class=\"fusion-sep-clear\"><\/div><div class=\"fusion-sep-clear\"><\/div><div class=\"fusion-separator fusion-full-width-sep\" style=\"margin-left: auto;margin-right: auto;margin-top:25px;width:100%;\"><\/div><div class=\"fusion-sep-clear\"><\/div><div class=\"fusion-text fusion-text-2\"><h1 style=\"text-align: center;\">\u00bfQUIERES EXPONER?<\/h1>\n<\/div><div class=\"fusion-aligncenter\"><a class=\"fusion-button button-flat button-xlarge button-default fusion-button-default button-1 fusion-button-default-span fusion-button-default-type\" target=\"_self\" href=\"mailto:info@ebikechallenge.cat\"><i class=\"fa-envelope fas button-icon-left\" aria-hidden=\"true\"><\/i><span class=\"fusion-button-text\">Contacta aqu\u00ed<\/span><\/a><\/div><div class=\"fusion-clearfix\"><\/div><\/div><\/div><div class=\"fusion-layout-column fusion_builder_column fusion-builder-column-4 fusion_builder_column_1_1 1_1 fusion-one-full fusion-column-first fusion-column-last fusion-column-no-min-height\" style=\"--awb-bg-size:cover;--awb-margin-bottom:0px;\"><div class=\"fusion-column-wrapper fusion-flex-column-wrapper-legacy\"><div class=\"fusion-clearfix\"><\/div><\/div><\/div><\/div><\/div><\/p>\n","protected":false},"excerpt":{"rendered":"","protected":false},"author":2,"featured_media":0,"parent":0,"menu_order":0,"comment_status":"closed","ping_status":"closed","template":"","meta":{"_mi_skip_tracking":false},"yoast_head":"<!-- This site is optimized with the Yoast SEO plugin v20.6 - https:\/\/yoast.com\/wordpress\/plugins\/seo\/ -->\n<title>Expositores Les Comes - E-Bike Challenge<\/title>\n<meta name=\"robots\" content=\"index, follow, max-snippet:-1, max-image-preview:large, max-video-preview:-1\" \/>\n<link rel=\"canonical\" href=\"https:\/\/www.ebikechallenge.cat\/index.php\/expositors-les-comes\/?lang=es\" \/>\n<meta property=\"og:locale\" content=\"ca_ES\" \/>\n<meta property=\"og:type\" content=\"article\" \/>\n<meta property=\"og:title\" content=\"Expositores Les Comes - E-Bike Challenge\" \/>\n<meta property=\"og:url\" content=\"https:\/\/www.ebikechallenge.cat\/index.php\/expositors-les-comes\/?lang=es\" \/>\n<meta property=\"og:site_name\" content=\"E-Bike Challenge\" \/>\n<meta property=\"article:modified_time\" content=\"2018-06-21T11:47:05+00:00\" \/>\n<meta name=\"twitter:card\" content=\"summary_large_image\" \/>\n<meta name=\"twitter:label1\" content=\"Temps estimat de lectura\" \/>\n\t<meta name=\"twitter:data1\" content=\"5 minuts\" \/>\n<script type=\"application\/ld+json\" class=\"yoast-schema-graph\">{\"@context\":\"https:\/\/schema.org\",\"@graph\":[{\"@type\":\"WebPage\",\"@id\":\"https:\/\/www.ebikechallenge.cat\/index.php\/expositors-les-comes\/?lang=es\",\"url\":\"https:\/\/www.ebikechallenge.cat\/index.php\/expositors-les-comes\/?lang=es\",\"name\":\"Expositores Les Comes - E-Bike Challenge\",\"isPartOf\":{\"@id\":\"https:\/\/www.ebikechallenge.cat\/#website\"},\"datePublished\":\"2018-06-15T08:16:00+00:00\",\"dateModified\":\"2018-06-21T11:47:05+00:00\",\"breadcrumb\":{\"@id\":\"https:\/\/www.ebikechallenge.cat\/index.php\/expositors-les-comes\/?lang=es#breadcrumb\"},\"inLanguage\":\"ca\",\"potentialAction\":[{\"@type\":\"ReadAction\",\"target\":[\"https:\/\/www.ebikechallenge.cat\/index.php\/expositors-les-comes\/?lang=es\"]}]},{\"@type\":\"BreadcrumbList\",\"@id\":\"https:\/\/www.ebikechallenge.cat\/index.php\/expositors-les-comes\/?lang=es#breadcrumb\",\"itemListElement\":[{\"@type\":\"ListItem\",\"position\":1,\"name\":\"Portada\",\"item\":\"https:\/\/www.ebikechallenge.cat\/\"},{\"@type\":\"ListItem\",\"position\":2,\"name\":\"Expositores Les Comes\"}]},{\"@type\":\"WebSite\",\"@id\":\"https:\/\/www.ebikechallenge.cat\/#website\",\"url\":\"https:\/\/www.ebikechallenge.cat\/\",\"name\":\"E-Bike Challenge\",\"description\":\"La gran festa de la E-BIKE\",\"potentialAction\":[{\"@type\":\"SearchAction\",\"target\":{\"@type\":\"EntryPoint\",\"urlTemplate\":\"https:\/\/www.ebikechallenge.cat\/?s={search_term_string}\"},\"query-input\":\"required name=search_term_string\"}],\"inLanguage\":\"ca\"}]}<\/script>\n<!-- \/ Yoast SEO plugin. -->","yoast_head_json":{"title":"Expositores Les Comes - E-Bike Challenge","robots":{"index":"index","follow":"follow","max-snippet":"max-snippet:-1","max-image-preview":"max-image-preview:large","max-video-preview":"max-video-preview:-1"},"canonical":"https:\/\/www.ebikechallenge.cat\/index.php\/expositors-les-comes\/?lang=es","og_locale":"ca_ES","og_type":"article","og_title":"Expositores Les Comes - E-Bike Challenge","og_url":"https:\/\/www.ebikechallenge.cat\/index.php\/expositors-les-comes\/?lang=es","og_site_name":"E-Bike Challenge","article_modified_time":"2018-06-21T11:47:05+00:00","twitter_card":"summary_large_image","twitter_misc":{"Temps estimat de lectura":"5 minuts"},"schema":{"@context":"https:\/\/schema.org","@graph":[{"@type":"WebPage","@id":"https:\/\/www.ebikechallenge.cat\/index.php\/expositors-les-comes\/?lang=es","url":"https:\/\/www.ebikechallenge.cat\/index.php\/expositors-les-comes\/?lang=es","name":"Expositores Les Comes - E-Bike Challenge","isPartOf":{"@id":"https:\/\/www.ebikechallenge.cat\/#website"},"datePublished":"2018-06-15T08:16:00+00:00","dateModified":"2018-06-21T11:47:05+00:00","breadcrumb":{"@id":"https:\/\/www.ebikechallenge.cat\/index.php\/expositors-les-comes\/?lang=es#breadcrumb"},"inLanguage":"ca","potentialAction":[{"@type":"ReadAction","target":["https:\/\/www.ebikechallenge.cat\/index.php\/expositors-les-comes\/?lang=es"]}]},{"@type":"BreadcrumbList","@id":"https:\/\/www.ebikechallenge.cat\/index.php\/expositors-les-comes\/?lang=es#breadcrumb","itemListElement":[{"@type":"ListItem","position":1,"name":"Portada","item":"https:\/\/www.ebikechallenge.cat\/"},{"@type":"ListItem","position":2,"name":"Expositores Les Comes"}]},{"@type":"WebSite","@id":"https:\/\/www.ebikechallenge.cat\/#website","url":"https:\/\/www.ebikechallenge.cat\/","name":"E-Bike Challenge","description":"La gran festa de la E-BIKE","potentialAction":[{"@type":"SearchAction","target":{"@type":"EntryPoint","urlTemplate":"https:\/\/www.ebikechallenge.cat\/?s={search_term_string}"},"query-input":"required name=search_term_string"}],"inLanguage":"ca"}]}},"_links":{"self":[{"href":"https:\/\/www.ebikechallenge.cat\/index.php\/wp-json\/wp\/v2\/pages\/12743"}],"collection":[{"href":"https:\/\/www.ebikechallenge.cat\/index.php\/wp-json\/wp\/v2\/pages"}],"about":[{"href":"https:\/\/www.ebikechallenge.cat\/index.php\/wp-json\/wp\/v2\/types\/page"}],"author":[{"embeddable":true,"href":"https:\/\/www.ebikechallenge.cat\/index.php\/wp-json\/wp\/v2\/users\/2"}],"replies":[{"embeddable":true,"href":"https:\/\/www.ebikechallenge.cat\/index.php\/wp-json\/wp\/v2\/comments?post=12743"}],"version-history":[{"count":12,"href":"https:\/\/www.ebikechallenge.cat\/index.php\/wp-json\/wp\/v2\/pages\/12743\/revisions"}],"predecessor-version":[{"id":13097,"href":"https:\/\/www.ebikechallenge.cat\/index.php\/wp-json\/wp\/v2\/pages\/12743\/revisions\/13097"}],"wp:attachment":[{"href":"https:\/\/www.ebikechallenge.cat\/index.php\/wp-json\/wp\/v2\/media?parent=12743"}],"curies":[{"name":"wp","href":"https:\/\/api.w.org\/{rel}","templated":true}]}}