{"id":12792,"date":"2018-06-15T08:41:23","date_gmt":"2018-06-15T08:41:23","guid":{"rendered":"http:\/\/www.ebikechallenge.cat\/index.php\/inscripcions\/"},"modified":"2019-10-29T10:02:00","modified_gmt":"2019-10-29T10:02:00","slug":"inscripcions","status":"publish","type":"page","link":"https:\/\/www.ebikechallenge.cat\/index.php\/inscripcions\/?lang=es","title":{"rendered":"INSCRIPCIONES"},"content":{"rendered":"<p><div class=\"fusion-fullwidth fullwidth-box fusion-builder-row-1 nonhundred-percent-fullwidth non-hundred-percent-height-scrolling\" style=\"--awb-border-radius-top-left:0px;--awb-border-radius-top-right:0px;--awb-border-radius-bottom-right:0px;--awb-border-radius-bottom-left:0px;\" ><div class=\"fusion-builder-row fusion-row\"><div class=\"fusion-layout-column fusion_builder_column fusion-builder-column-0 fusion_builder_column_1_1 1_1 fusion-one-full fusion-column-first fusion-column-last\" style=\"--awb-bg-size:cover;\"><div class=\"fusion-column-wrapper fusion-column-has-shadow fusion-flex-column-wrapper-legacy\"><div class=\"fusion-text fusion-text-1\"><h1 style=\"text-align: center;\" data-inline-fontsize=\"30px\" data-fontsize=\"30\" data-lineheight=\"45\"><strong>INSCRIPCIONES ONLINE<\/strong><\/h1>\n<h3 style=\"text-align: center;\">Ofrecemos la posibilidad de realizar las inscripciones online a trav\u00e9s de nuestra web y con la entidad Banco Popular, la que utiliza el protocolo de encriptaci\u00f3n SSL de 128 bits que garantiza la seguridad de los datos.<\/h3>\n<h3 style=\"text-align: center;\">Basta una tarjeta de cr\u00e9dito y autom\u00e1ticamente recibir\u00e1s un mail de confirmaci\u00f3n de tu inscripci\u00f3n.<\/h3>\n<h3 style=\"text-align: center;\">Para realizar la inscripci\u00f3n online s\u00f3lo tiene que seguir estos pasos:<\/h3>\n<h3 style=\"text-align: center;\">1. Introducci\u00f3n de datos<br \/>\n2. Aceptar las condiciones<br \/>\n3. Realizaci\u00f3n del pago<br \/>\n4. Revisar el comprobante<\/h3>\n<\/div><div class=\"fusion-clearfix\"><\/div><\/div><\/div><\/div><\/div><div class=\"fusion-fullwidth fullwidth-box fusion-builder-row-2 nonhundred-percent-fullwidth non-hundred-percent-height-scrolling\" style=\"--awb-border-radius-top-left:0px;--awb-border-radius-top-right:0px;--awb-border-radius-bottom-right:0px;--awb-border-radius-bottom-left:0px;\" ><div class=\"fusion-builder-row fusion-row\"><div class=\"fusion-layout-column fusion_builder_column fusion-builder-column-1 fusion_builder_column_1_1 1_1 fusion-one-full fusion-column-first fusion-column-last\" style=\"--awb-bg-size:cover;\"><div class=\"fusion-column-wrapper fusion-column-has-shadow fusion-flex-column-wrapper-legacy\"><div class=\"fusion-align-block\"><a class=\"fusion-button button-flat button-large button-default fusion-button-default button-1 fusion-button-span-yes fusion-button-default-type\" style=\"--button_text_transform:uppercase;\" target=\"_self\" href=\"http:\/\/www.ebikechallenge.cat\/inscripcions\/index.php?lang=es\"><span class=\"fusion-button-text\">INSCR\u00cdBETE AQU\u00cd<\/span><\/a><\/div><div class=\"fusion-clearfix\"><\/div><\/div><\/div><\/div><\/div><\/p>\n","protected":false},"excerpt":{"rendered":"","protected":false},"author":2,"featured_media":0,"parent":0,"menu_order":0,"comment_status":"closed","ping_status":"closed","template":"100-width.php","meta":{"_mi_skip_tracking":false},"yoast_head":"<!-- This site is optimized with the Yoast SEO plugin v20.6 - https:\/\/yoast.com\/wordpress\/plugins\/seo\/ -->\n<title>INSCRIPCIONES - E-Bike Challenge<\/title>\n<meta name=\"robots\" content=\"index, follow, max-snippet:-1, max-image-preview:large, max-video-preview:-1\" \/>\n<link rel=\"canonical\" href=\"https:\/\/www.ebikechallenge.cat\/index.php\/inscripcions\/?lang=es\" \/>\n<meta property=\"og:locale\" content=\"ca_ES\" \/>\n<meta property=\"og:type\" content=\"article\" \/>\n<meta property=\"og:title\" content=\"INSCRIPCIONES - E-Bike Challenge\" \/>\n<meta property=\"og:url\" content=\"https:\/\/www.ebikechallenge.cat\/index.php\/inscripcions\/?lang=es\" \/>\n<meta property=\"og:site_name\" content=\"E-Bike Challenge\" \/>\n<meta property=\"article:modified_time\" content=\"2019-10-29T10:02:00+00:00\" \/>\n<meta name=\"twitter:card\" content=\"summary_large_image\" \/>\n<meta name=\"twitter:label1\" content=\"Temps estimat de lectura\" \/>\n\t<meta name=\"twitter:data1\" content=\"4 minuts\" \/>\n<script type=\"application\/ld+json\" class=\"yoast-schema-graph\">{\"@context\":\"https:\/\/schema.org\",\"@graph\":[{\"@type\":\"WebPage\",\"@id\":\"https:\/\/www.ebikechallenge.cat\/index.php\/inscripcions\/?lang=es\",\"url\":\"https:\/\/www.ebikechallenge.cat\/index.php\/inscripcions\/?lang=es\",\"name\":\"INSCRIPCIONES - E-Bike Challenge\",\"isPartOf\":{\"@id\":\"https:\/\/www.ebikechallenge.cat\/#website\"},\"datePublished\":\"2018-06-15T08:41:23+00:00\",\"dateModified\":\"2019-10-29T10:02:00+00:00\",\"breadcrumb\":{\"@id\":\"https:\/\/www.ebikechallenge.cat\/index.php\/inscripcions\/?lang=es#breadcrumb\"},\"inLanguage\":\"ca\",\"potentialAction\":[{\"@type\":\"ReadAction\",\"target\":[\"https:\/\/www.ebikechallenge.cat\/index.php\/inscripcions\/?lang=es\"]}]},{\"@type\":\"BreadcrumbList\",\"@id\":\"https:\/\/www.ebikechallenge.cat\/index.php\/inscripcions\/?lang=es#breadcrumb\",\"itemListElement\":[{\"@type\":\"ListItem\",\"position\":1,\"name\":\"Portada\",\"item\":\"https:\/\/www.ebikechallenge.cat\/\"},{\"@type\":\"ListItem\",\"position\":2,\"name\":\"INSCRIPCIONES\"}]},{\"@type\":\"WebSite\",\"@id\":\"https:\/\/www.ebikechallenge.cat\/#website\",\"url\":\"https:\/\/www.ebikechallenge.cat\/\",\"name\":\"E-Bike Challenge\",\"description\":\"La gran festa de la E-BIKE\",\"potentialAction\":[{\"@type\":\"SearchAction\",\"target\":{\"@type\":\"EntryPoint\",\"urlTemplate\":\"https:\/\/www.ebikechallenge.cat\/?s={search_term_string}\"},\"query-input\":\"required name=search_term_string\"}],\"inLanguage\":\"ca\"}]}<\/script>\n<!-- \/ Yoast SEO plugin. -->","yoast_head_json":{"title":"INSCRIPCIONES - E-Bike Challenge","robots":{"index":"index","follow":"follow","max-snippet":"max-snippet:-1","max-image-preview":"max-image-preview:large","max-video-preview":"max-video-preview:-1"},"canonical":"https:\/\/www.ebikechallenge.cat\/index.php\/inscripcions\/?lang=es","og_locale":"ca_ES","og_type":"article","og_title":"INSCRIPCIONES - E-Bike Challenge","og_url":"https:\/\/www.ebikechallenge.cat\/index.php\/inscripcions\/?lang=es","og_site_name":"E-Bike Challenge","article_modified_time":"2019-10-29T10:02:00+00:00","twitter_card":"summary_large_image","twitter_misc":{"Temps estimat de lectura":"4 minuts"},"schema":{"@context":"https:\/\/schema.org","@graph":[{"@type":"WebPage","@id":"https:\/\/www.ebikechallenge.cat\/index.php\/inscripcions\/?lang=es","url":"https:\/\/www.ebikechallenge.cat\/index.php\/inscripcions\/?lang=es","name":"INSCRIPCIONES - E-Bike Challenge","isPartOf":{"@id":"https:\/\/www.ebikechallenge.cat\/#website"},"datePublished":"2018-06-15T08:41:23+00:00","dateModified":"2019-10-29T10:02:00+00:00","breadcrumb":{"@id":"https:\/\/www.ebikechallenge.cat\/index.php\/inscripcions\/?lang=es#breadcrumb"},"inLanguage":"ca","potentialAction":[{"@type":"ReadAction","target":["https:\/\/www.ebikechallenge.cat\/index.php\/inscripcions\/?lang=es"]}]},{"@type":"BreadcrumbList","@id":"https:\/\/www.ebikechallenge.cat\/index.php\/inscripcions\/?lang=es#breadcrumb","itemListElement":[{"@type":"ListItem","position":1,"name":"Portada","item":"https:\/\/www.ebikechallenge.cat\/"},{"@type":"ListItem","position":2,"name":"INSCRIPCIONES"}]},{"@type":"WebSite","@id":"https:\/\/www.ebikechallenge.cat\/#website","url":"https:\/\/www.ebikechallenge.cat\/","name":"E-Bike Challenge","description":"La gran festa de la E-BIKE","potentialAction":[{"@type":"SearchAction","target":{"@type":"EntryPoint","urlTemplate":"https:\/\/www.ebikechallenge.cat\/?s={search_term_string}"},"query-input":"required name=search_term_string"}],"inLanguage":"ca"}]}},"_links":{"self":[{"href":"https:\/\/www.ebikechallenge.cat\/index.php\/wp-json\/wp\/v2\/pages\/12792"}],"collection":[{"href":"https:\/\/www.ebikechallenge.cat\/index.php\/wp-json\/wp\/v2\/pages"}],"about":[{"href":"https:\/\/www.ebikechallenge.cat\/index.php\/wp-json\/wp\/v2\/types\/page"}],"author":[{"embeddable":true,"href":"https:\/\/www.ebikechallenge.cat\/index.php\/wp-json\/wp\/v2\/users\/2"}],"replies":[{"embeddable":true,"href":"https:\/\/www.ebikechallenge.cat\/index.php\/wp-json\/wp\/v2\/comments?post=12792"}],"version-history":[{"count":22,"href":"https:\/\/www.ebikechallenge.cat\/index.php\/wp-json\/wp\/v2\/pages\/12792\/revisions"}],"predecessor-version":[{"id":14701,"href":"https:\/\/www.ebikechallenge.cat\/index.php\/wp-json\/wp\/v2\/pages\/12792\/revisions\/14701"}],"wp:attachment":[{"href":"https:\/\/www.ebikechallenge.cat\/index.php\/wp-json\/wp\/v2\/media?parent=12792"}],"curies":[{"name":"wp","href":"https:\/\/api.w.org\/{rel}","templated":true}]}}